{"id":43,"date":"2019-02-27T03:32:25","date_gmt":"2019-02-27T01:32:25","guid":{"rendered":"http:\/\/pt.cu.edu.eg\/ar\/?page_id=43"},"modified":"2019-06-13T17:59:36","modified_gmt":"2019-06-13T15:59:36","slug":"%d8%a7%d9%84%d8%b7%d9%84%d8%a7%d8%a8-%d8%a7%d9%84%d9%88%d8%a7%d9%81%d8%af%d9%8a%d9%86","status":"publish","type":"page","link":"https:\/\/pt.cu.edu.eg\/ar\/%d8%a7%d9%84%d8%b7%d9%84%d8%a7%d8%a8-%d8%a7%d9%84%d9%88%d8%a7%d9%81%d8%af%d9%8a%d9%86","title":{"rendered":"\u0627\u0644\u0637\u0644\u0627\u0628 \u0627\u0644\u0648\u0627\u0641\u062f\u064a\u0646"},"content":{"rendered":"\n<p><\/p>\n\n\n\n<div class=\"wp-block-file\"><a href=\"https:\/\/pt.cu.edu.eg\/ar\/wp-content\/uploads\/2019\/02\/\u0637\u0631\u064a\u0642\u0629-\u0627\u0644\u062a\u0642\u062f\u064a\u0645.pdf\">&#8211; \u0627\u0644\u062e\u0637\u0648\u0627\u062a \u0627\u0644\u062e\u0627\u0635\u0629 \u0628\u0637\u0631\u064a\u0642\u0629 \u0627\u0644\u062a\u0642\u062f\u064a\u0645 \u0645\u0646 \u0647\u0646\u0627<\/a><a href=\"https:\/\/pt.cu.edu.eg\/ar\/wp-content\/uploads\/2019\/02\/\u0637\u0631\u064a\u0642\u0629-\u0627\u0644\u062a\u0642\u062f\u064a\u0645.pdf\" class=\"wp-block-file__button\" download>\u062a\u0646\u0632\u064a\u0644<\/a><\/div>\n\n\n\n<p> .<\/p>\n\n\n\n<div class=\"wp-block-file\"><a href=\"https:\/\/pt.cu.edu.eg\/ar\/wp-content\/uploads\/2019\/06\/\u0627\u0639\u0644\u0627\u06461.pdf\">&#8211; \u0625\u0639\u0644\u0627\u0646 \u0639\u0646 \u0627\u0644\u062a\u0642\u062f\u0645 \u0644\u0644\u062f\u0631\u0627\u0633\u0647 \u0641\u064a \u0627\u0644\u062c\u0627\u0645\u0639\u0627\u062a \u0648\u0627\u0644\u0645\u0639\u0627\u0647\u062f \u0627\u0644\u0645\u0635\u0631\u064a\u0629 \u0644\u0644\u0637\u0644\u0627\u0628 \u0627\u0644\u0648\u0627\u0641\u062f\u064a\u0646<\/a><a href=\"https:\/\/pt.cu.edu.eg\/ar\/wp-content\/uploads\/2019\/06\/\u0627\u0639\u0644\u0627\u06461.pdf\" class=\"wp-block-file__button\" download>\u062a\u0646\u0632\u064a\u0644<\/a><\/div>\n\n\n\n<p> <\/p>\n\n\n\n<div class=\"wp-block-file\"><a href=\"https:\/\/pt.cu.edu.eg\/ar\/wp-content\/uploads\/2019\/06\/\u0627\u0639\u0644\u0627\u0646-\u0641\u0631\u062a\u0633\u0649.pdf\">  Annonce pour se repr\u00e9senter pour \u00e9tudier dans les Universit\u00e9s et les Instituts Egyptiens pour les \u00e9tudiants Etrangers   <\/a><a href=\"https:\/\/pt.cu.edu.eg\/ar\/wp-content\/uploads\/2019\/06\/\u0627\u0639\u0644\u0627\u0646-\u0641\u0631\u062a\u0633\u0649.pdf\" class=\"wp-block-file__button\" download>Download<\/a><\/div>\n\n\n\n<p> <\/p>\n\n\n\n<div class=\"wp-block-file\"><a href=\"https:\/\/pt.cu.edu.eg\/ar\/wp-content\/uploads\/2019\/06\/\u0627\u0639\u0644\u0627\u0646-\u0627\u0646\u062c\u0644\u064a\u0632\u0649.pdf\"> Announcement for Foreign Students to Apply for Studying at Egyptian Universities and Institutes  <\/a><a href=\"https:\/\/pt.cu.edu.eg\/ar\/wp-content\/uploads\/2019\/06\/\u0627\u0639\u0644\u0627\u0646-\u0627\u0646\u062c\u0644\u064a\u0632\u0649.pdf\" class=\"wp-block-file__button\" download>Download<\/a><\/div>\n\n\n\n<p> <\/p>\n\n\n\n<p> <\/p>\n\n\n\n<ul class=\"wp-block-gallery columns-2 is-cropped wp-block-gallery-1 is-layout-flex wp-block-gallery-is-layout-flex\"><li class=\"blocks-gallery-item\"><figure><img loading=\"lazy\" decoding=\"async\" width=\"926\" height=\"720\" src=\"https:\/\/pt.cu.edu.eg\/ar\/wp-content\/uploads\/2019\/06\/WhatsApp-Image-2019-06-12-at-16.32.33.jpeg\" alt=\"\" data-id=\"340\" data-link=\"https:\/\/pt.cu.edu.eg\/ar\/%d8%a7%d9%84%d8%b7%d9%84%d8%a7%d8%a8-%d8%a7%d9%84%d9%88%d8%a7%d9%81%d8%af%d9%8a%d9%86\/whatsapp-image-2019-06-12-at-16-32-33\" class=\"wp-image-340\" srcset=\"https:\/\/pt.cu.edu.eg\/ar\/wp-content\/uploads\/2019\/06\/WhatsApp-Image-2019-06-12-at-16.32.33.jpeg 926w, https:\/\/pt.cu.edu.eg\/ar\/wp-content\/uploads\/2019\/06\/WhatsApp-Image-2019-06-12-at-16.32.33-300x233.jpeg 300w, https:\/\/pt.cu.edu.eg\/ar\/wp-content\/uploads\/2019\/06\/WhatsApp-Image-2019-06-12-at-16.32.33-768x597.jpeg 768w\" sizes=\"auto, (max-width: 926px) 100vw, 926px\" \/><\/figure><\/li><li class=\"blocks-gallery-item\"><figure><img loading=\"lazy\" decoding=\"async\" width=\"926\" height=\"720\" src=\"https:\/\/pt.cu.edu.eg\/ar\/wp-content\/uploads\/2019\/06\/WhatsApp-Image-2019-06-12-at-16.32.331.jpeg\" alt=\"\" data-id=\"341\" data-link=\"https:\/\/pt.cu.edu.eg\/ar\/%d8%a7%d9%84%d8%b7%d9%84%d8%a7%d8%a8-%d8%a7%d9%84%d9%88%d8%a7%d9%81%d8%af%d9%8a%d9%86\/whatsapp-image-2019-06-12-at-16-32-331\" class=\"wp-image-341\" srcset=\"https:\/\/pt.cu.edu.eg\/ar\/wp-content\/uploads\/2019\/06\/WhatsApp-Image-2019-06-12-at-16.32.331.jpeg 926w, https:\/\/pt.cu.edu.eg\/ar\/wp-content\/uploads\/2019\/06\/WhatsApp-Image-2019-06-12-at-16.32.331-300x233.jpeg 300w, https:\/\/pt.cu.edu.eg\/ar\/wp-content\/uploads\/2019\/06\/WhatsApp-Image-2019-06-12-at-16.32.331-768x597.jpeg 768w\" sizes=\"auto, (max-width: 926px) 100vw, 926px\" \/><\/figure><\/li><\/ul>\n\n\n\n<figure class=\"wp-block-image\"><img loading=\"lazy\" decoding=\"async\" width=\"1024\" height=\"723\" src=\"https:\/\/pt.cu.edu.eg\/ar\/wp-content\/uploads\/2019\/02\/WhatsApp-Image-2019-01-14-at-16.26.14-1024x723.jpeg\" alt=\"\" class=\"wp-image-65\" srcset=\"https:\/\/pt.cu.edu.eg\/ar\/wp-content\/uploads\/2019\/02\/WhatsApp-Image-2019-01-14-at-16.26.14-1024x723.jpeg 1024w, https:\/\/pt.cu.edu.eg\/ar\/wp-content\/uploads\/2019\/02\/WhatsApp-Image-2019-01-14-at-16.26.14-300x212.jpeg 300w, https:\/\/pt.cu.edu.eg\/ar\/wp-content\/uploads\/2019\/02\/WhatsApp-Image-2019-01-14-at-16.26.14-768x542.jpeg 768w, https:\/\/pt.cu.edu.eg\/ar\/wp-content\/uploads\/2019\/02\/WhatsApp-Image-2019-01-14-at-16.26.14.jpeg 1280w\" sizes=\"auto, (max-width: 1024px) 100vw, 1024px\" \/><\/figure>\n\n\n\n<figure class=\"wp-block-image\"><img loading=\"lazy\" decoding=\"async\" width=\"1024\" height=\"723\" src=\"https:\/\/pt.cu.edu.eg\/ar\/wp-content\/uploads\/2019\/02\/WhatsApp-Image-2019-01-14-at-16.26.151-1024x723.jpeg\" alt=\"\" class=\"wp-image-66\" srcset=\"https:\/\/pt.cu.edu.eg\/ar\/wp-content\/uploads\/2019\/02\/WhatsApp-Image-2019-01-14-at-16.26.151-1024x723.jpeg 1024w, https:\/\/pt.cu.edu.eg\/ar\/wp-content\/uploads\/2019\/02\/WhatsApp-Image-2019-01-14-at-16.26.151-300x212.jpeg 300w, https:\/\/pt.cu.edu.eg\/ar\/wp-content\/uploads\/2019\/02\/WhatsApp-Image-2019-01-14-at-16.26.151-768x542.jpeg 768w, https:\/\/pt.cu.edu.eg\/ar\/wp-content\/uploads\/2019\/02\/WhatsApp-Image-2019-01-14-at-16.26.151.jpeg 1280w\" sizes=\"auto, (max-width: 1024px) 100vw, 1024px\" \/><\/figure>\n\n\n\n<p><\/p>\n","protected":false},"excerpt":{"rendered":"<p>.<\/p>\n","protected":false},"author":1,"featured_media":0,"parent":0,"menu_order":0,"comment_status":"closed","ping_status":"closed","template":"","meta":{"footnotes":""},"class_list":["post-43","page","type-page","status-publish","hentry","entry"],"_links":{"self":[{"href":"https:\/\/pt.cu.edu.eg\/ar\/wp-json\/wp\/v2\/pages\/43","targetHints":{"allow":["GET"]}}],"collection":[{"href":"https:\/\/pt.cu.edu.eg\/ar\/wp-json\/wp\/v2\/pages"}],"about":[{"href":"https:\/\/pt.cu.edu.eg\/ar\/wp-json\/wp\/v2\/types\/page"}],"author":[{"embeddable":true,"href":"https:\/\/pt.cu.edu.eg\/ar\/wp-json\/wp\/v2\/users\/1"}],"replies":[{"embeddable":true,"href":"https:\/\/pt.cu.edu.eg\/ar\/wp-json\/wp\/v2\/comments?post=43"}],"version-history":[{"count":8,"href":"https:\/\/pt.cu.edu.eg\/ar\/wp-json\/wp\/v2\/pages\/43\/revisions"}],"predecessor-version":[{"id":352,"href":"https:\/\/pt.cu.edu.eg\/ar\/wp-json\/wp\/v2\/pages\/43\/revisions\/352"}],"wp:attachment":[{"href":"https:\/\/pt.cu.edu.eg\/ar\/wp-json\/wp\/v2\/media?parent=43"}],"curies":[{"name":"wp","href":"https:\/\/api.w.org\/{rel}","templated":true}]}}